{"id":31,"date":"2024-11-04T09:32:21","date_gmt":"2024-11-04T12:32:21","guid":{"rendered":"https:\/\/cytrix.com.br\/?page_id=31"},"modified":"2026-01-01T19:51:03","modified_gmt":"2026-01-01T22:51:03","slug":"sobre-nos","status":"publish","type":"page","link":"https:\/\/cytrix.com.br\/en\/sobre-nos\/","title":{"rendered":"Sobre n\u00f3s"},"content":{"rendered":"\t\t<div data-elementor-type=\"wp-page\" data-elementor-id=\"31\" class=\"elementor elementor-31\">\n\t\t\t\t<div class=\"elementor-element elementor-element-3dd2985 e-flex e-con-boxed wpr-particle-no wpr-jarallax-no wpr-parallax-no wpr-sticky-section-no e-con e-parent\" data-id=\"3dd2985\" data-element_type=\"container\" data-e-type=\"container\" data-settings=\"{&quot;background_background&quot;:&quot;classic&quot;}\">\n\t\t\t\t\t<div class=\"e-con-inner\">\n\t\t<div class=\"elementor-element elementor-element-6c00054 e-con-full e-flex wpr-particle-no wpr-jarallax-no wpr-parallax-no wpr-sticky-section-no e-con e-child\" data-id=\"6c00054\" data-element_type=\"container\" data-e-type=\"container\" data-settings=\"{&quot;background_background&quot;:&quot;classic&quot;}\">\n\t\t\t\t<div class=\"elementor-element elementor-element-ffc1f08 elementor-widget elementor-widget-heading\" data-id=\"ffc1f08\" data-element_type=\"widget\" data-e-type=\"widget\" data-widget_type=\"heading.default\">\n\t\t\t\t\t<h2 class=\"elementor-heading-title elementor-size-default\">Sobre n\u00f3s<\/h2>\t\t\t\t<\/div>\n\t\t\t\t<\/div>\n\t\t<div class=\"elementor-element elementor-element-a946541 e-con-full e-flex wpr-particle-no wpr-jarallax-no wpr-parallax-no wpr-sticky-section-no e-con e-child\" data-id=\"a946541\" data-element_type=\"container\" data-e-type=\"container\">\n\t\t\t\t<\/div>\n\t\t\t\t\t<\/div>\n\t\t\t\t<\/div>\n\t\t<div class=\"elementor-element elementor-element-63e35b9 e-flex e-con-boxed wpr-particle-no wpr-jarallax-no wpr-parallax-no wpr-sticky-section-no e-con e-parent\" data-id=\"63e35b9\" data-element_type=\"container\" data-e-type=\"container\">\n\t\t\t\t\t<div class=\"e-con-inner\">\n\t\t<div class=\"elementor-element elementor-element-f413deb e-con-full e-flex wpr-particle-no wpr-jarallax-no wpr-parallax-no wpr-sticky-section-no e-con e-child\" data-id=\"f413deb\" data-element_type=\"container\" data-e-type=\"container\" data-settings=\"{&quot;background_background&quot;:&quot;classic&quot;}\">\n\t\t\t\t<div class=\"elementor-element elementor-element-b4937e3 elementor-widget elementor-widget-heading\" data-id=\"b4937e3\" data-element_type=\"widget\" data-e-type=\"widget\" data-widget_type=\"heading.default\">\n\t\t\t\t\t<h2 class=\"elementor-heading-title elementor-size-default\">Cytrix Data Consulting<\/h2>\t\t\t\t<\/div>\n\t\t\t\t<div class=\"elementor-element elementor-element-a40085f elementor-widget elementor-widget-heading\" data-id=\"a40085f\" data-element_type=\"widget\" data-e-type=\"widget\" data-widget_type=\"heading.default\">\n\t\t\t\t\t<h2 class=\"elementor-heading-title elementor-size-default\">Nossa hist\u00f3ria<\/h2>\t\t\t\t<\/div>\n\t\t\t\t<div class=\"elementor-element elementor-element-d2d0d14 elementor-widget elementor-widget-text-editor\" data-id=\"d2d0d14\" data-element_type=\"widget\" data-e-type=\"widget\" data-widget_type=\"text-editor.default\">\n\t\t\t\t\t\t\t\t\t<p class=\"ds-markdown-paragraph\">A Cytrix Data Consulting foi fundada em Curitiba a partir de uma constata\u00e7\u00e3o clara no mercado: empresas investiam em ferramentas de dados, mas continuavam tomando decis\u00f5es baseadas em intui\u00e7\u00e3o. Havia uma desconex\u00e3o profunda entre a tecnologia, os processos e os objetivos de neg\u00f3cio.<\/p>\n<p class=\"ds-markdown-paragraph\">Nascemos com a miss\u00e3o de resolver essa disson\u00e2ncia. Percebemos que a verdadeira transforma\u00e7\u00e3o digital n\u00e3o come\u00e7a com um&nbsp;<em>dashboard<\/em>, mas com uma&nbsp;<strong>arquitetura de decis\u00e3o<\/strong>. Evolu\u00edmos de uma consultoria t\u00e9cnica para nos tornarmos&nbsp;<strong>arquitetos de ecossistemas estrat\u00e9gicos<\/strong>, desenvolvendo nossa metodologia propriet\u00e1ria para conectar todos os pontos entre os dados e o&nbsp;<em>core business<\/em>&nbsp;dos nossos clientes.<\/p>\t\t\t\t\t\t\t\t<\/div>\n\t\t\t\t<div class=\"elementor-element elementor-element-f916c27 elementor-widget elementor-widget-heading\" data-id=\"f916c27\" data-element_type=\"widget\" data-e-type=\"widget\" data-widget_type=\"heading.default\">\n\t\t\t\t\t<h2 class=\"elementor-heading-title elementor-size-default\">O Que Nos Move<\/h2>\t\t\t\t<\/div>\n\t\t\t\t<div class=\"elementor-element elementor-element-afee1f5 elementor-widget elementor-widget-text-editor\" data-id=\"afee1f5\" data-element_type=\"widget\" data-e-type=\"widget\" data-widget_type=\"text-editor.default\">\n\t\t\t\t\t\t\t\t\t<ul><li><p class=\"ds-markdown-paragraph\"><strong>Miss\u00e3o:<\/strong>\u00a0Descomplicar a gest\u00e3o de dados para que empresas de todos os portes tomem decis\u00f5es mais\u00a0<strong>r\u00e1pidas, precisas e lucrativas<\/strong>, transformando informa\u00e7\u00f5es em vantagem competitiva tang\u00edvel.<\/p><\/li><li><p class=\"ds-markdown-paragraph\"><strong>Vis\u00e3o:<\/strong>\u00a0Ser a principal refer\u00eancia brasileira em consultoria de dados, reconhecida pela capacidade de gerar\u00a0<strong>ROI mensur\u00e1vel e transforma\u00e7\u00e3o cultural sustent\u00e1vel<\/strong>\u00a0atrav\u00e9s da nossa metodologia.<\/p><\/li><li><p class=\"ds-markdown-paragraph\"><strong>Valores:<\/strong><\/p><ul><li><p class=\"ds-markdown-paragraph\"><strong>Propriedade Intelectual Aplicada:<\/strong>\u00a0Valorizamos e investimos em nosso\u00a0<em>know-how<\/em>.\u00a0<\/p><\/li><li><p class=\"ds-markdown-paragraph\"><strong>Resultado em Cadeia:<\/strong>\u00a0Comprometemo-nos com a excel\u00eancia em cada etapa do processo, garantindo que uma entrega s\u00f3lida seja a base para a pr\u00f3xima.<\/p><\/li><li><p class=\"ds-markdown-paragraph\"><strong>Parceria Verdadeira:<\/strong>\u00a0Nosso sucesso s\u00f3 existe se o seu for primeiro. Atuamos como uma extens\u00e3o dedicada e confi\u00e1vel da sua equipe.<\/p><\/li><li><p class=\"ds-markdown-paragraph\"><strong>Excel\u00eancia T\u00e9cnica com Clareza Estrat\u00e9gica:<\/strong>\u00a0Dominamos a tecnologia, mas comunicamos valor de neg\u00f3cio.<\/p><\/li><li><p class=\"ds-markdown-paragraph\"><strong>Inova\u00e7\u00e3o com Prop\u00f3sito:<\/strong>\u00a0Buscamos a vanguarda para resolver problemas reais, nunca pela novidade em si.<\/p><\/li><\/ul><\/li><li><p class=\"ds-markdown-paragraph\"><strong>Prop\u00f3sito:<\/strong>\u00a0<strong>Democratizar a intelig\u00eancia empresarial<\/strong>. Acreditamos que dados de alta qualidade e estrat\u00e9gicos n\u00e3o s\u00e3o privil\u00e9gio de grandes corpora\u00e7\u00f5es, mas a alavanca essencial para qualquer empresa competir e crescer de forma sustent\u00e1vel.<\/p><\/li><\/ul>\t\t\t\t\t\t\t\t<\/div>\n\t\t\t\t<div class=\"elementor-element elementor-element-ed05cd2 elementor-widget elementor-widget-heading\" data-id=\"ed05cd2\" data-element_type=\"widget\" data-e-type=\"widget\" data-widget_type=\"heading.default\">\n\t\t\t\t\t<h2 class=\"elementor-heading-title elementor-size-default\">Nossa Metodologia: O Diferencial que Conecta Tudo<\/h2>\t\t\t\t<\/div>\n\t\t\t\t<div class=\"elementor-element elementor-element-ea46bf7 elementor-widget elementor-widget-text-editor\" data-id=\"ea46bf7\" data-element_type=\"widget\" data-e-type=\"widget\" data-widget_type=\"text-editor.default\">\n\t\t\t\t\t\t\t\t\t<p class=\"ds-markdown-paragraph\">Na Cytrix, fugimos de solu\u00e7\u00f5es pontuais e desconexas. Implementamos um framework estrat\u00e9gico e integrado que garante consist\u00eancia, governan\u00e7a e evolu\u00e7\u00e3o cont\u00ednua.<\/p><p class=\"ds-markdown-paragraph\">Nossa atua\u00e7\u00e3o \u00e9 estruturada em quatro est\u00e1gios interligados que formam um ciclo virtuoso de melhoria:<\/p>\t\t\t\t\t\t\t\t<\/div>\n\t\t\t\t<div class=\"elementor-element elementor-element-1c2be3b elementor-widget elementor-widget-heading\" data-id=\"1c2be3b\" data-element_type=\"widget\" data-e-type=\"widget\" data-widget_type=\"heading.default\">\n\t\t\t\t\t<h2 class=\"elementor-heading-title elementor-size-default\">Nossa Equipe: Expertise que Constr\u00f3i Confian\u00e7a<\/h2>\t\t\t\t<\/div>\n\t\t\t\t<div class=\"elementor-element elementor-element-864bbc9 elementor-widget elementor-widget-text-editor\" data-id=\"864bbc9\" data-element_type=\"widget\" data-e-type=\"widget\" data-widget_type=\"text-editor.default\">\n\t\t\t\t\t\t\t\t\t<p class=\"ds-markdown-paragraph\">A for\u00e7a da Cytrix est\u00e1 no nosso capital humano. Reunimos um time multidisciplinar de veteranos do mercado, com passagem por grandes corpora\u00e7\u00f5es e consultorias de elite, que escolheram aplicar seu conhecimento de forma mais \u00e1gil e personalizada.<\/p><div class=\"dad65929\"><div class=\"_4f9bf79 d7dc56a8 _43c05b5\"><div class=\"ds-message _63c77b1\"><div class=\"ds-markdown\"><p class=\"ds-markdown-paragraph\">Nossa equipe \u00e9 formada por:<\/p><ul><li><p class=\"ds-markdown-paragraph\"><strong>Estrategistas de Neg\u00f3cio:<\/strong>\u00a0Para traduzir desafios corporativos em iniciativas de dados.<\/p><\/li><li><p class=\"ds-markdown-paragraph\"><strong>Arquitetos e Engenheiros de Dados:<\/strong>\u00a0Para construir bases s\u00f3lidas e escal\u00e1veis.<\/p><\/li><li><p class=\"ds-markdown-paragraph\"><strong>Especialistas em BI e Analytics:<\/strong>\u00a0Para transformar dados em visualiza\u00e7\u00f5es e insights acion\u00e1veis.<\/p><\/li><li><p class=\"ds-markdown-paragraph\"><strong>Consultores em Governan\u00e7a e LGPD:<\/strong>\u00a0Para garantir seguran\u00e7a, conformidade e \u00e9tica.<\/p><\/li><li><p class=\"ds-markdown-paragraph\"><strong>Cientistas e Desenvolvedores de IA:<\/strong>\u00a0Para implementar automa\u00e7\u00e3o inteligente e inova\u00e7\u00e3o.<\/p><\/li><\/ul><p class=\"ds-markdown-paragraph\">Unimos profundidade t\u00e9cnica e vis\u00e3o estrat\u00e9gica para oferecer n\u00e3o apenas uma solu\u00e7\u00e3o, mas uma\u00a0<strong>parceria de longo prazo<\/strong>\u00a0fundamentada em resultados.<\/p><hr \/><p class=\"ds-markdown-paragraph\"><strong>Pronto para transformar dados no seu maior ativo estrat\u00e9gico?<\/strong> [Fale com um de nossos especialistas]<\/p><\/div><\/div><\/div><\/div>\t\t\t\t\t\t\t\t<\/div>\n\t\t\t\t<\/div>\n\t\t\t\t\t<\/div>\n\t\t\t\t<\/div>\n\t\t<div class=\"elementor-element elementor-element-e58e05d e-flex e-con-boxed wpr-particle-no wpr-jarallax-no wpr-parallax-no wpr-sticky-section-no e-con e-parent\" data-id=\"e58e05d\" data-element_type=\"container\" data-e-type=\"container\" data-settings=\"{&quot;background_background&quot;:&quot;classic&quot;}\">\n\t\t\t\t\t<div class=\"e-con-inner\">\n\t\t\t\t<div class=\"elementor-element elementor-element-613c755 elementor-widget elementor-widget-heading\" data-id=\"613c755\" data-element_type=\"widget\" data-e-type=\"widget\" data-widget_type=\"heading.default\">\n\t\t\t\t\t<h2 class=\"elementor-heading-title elementor-size-default\">Potencialize suas conquistas com o poder da intelig\u00eancia artificial<\/h2>\t\t\t\t<\/div>\n\t\t\t\t\t<\/div>\n\t\t\t\t<\/div>\n\t\t\t\t<\/div>\n\t\t","protected":false},"excerpt":{"rendered":"<p>Sobre n\u00f3s Cytrix Data Consulting Nossa hist\u00f3ria A Cytrix Data Consulting foi fundada em Curitiba a partir de uma constata\u00e7\u00e3o clara no mercado: empresas investiam em ferramentas de dados, mas continuavam tomando decis\u00f5es baseadas em intui\u00e7\u00e3o. Havia uma desconex\u00e3o profunda entre a tecnologia, os processos e os objetivos de neg\u00f3cio. Nascemos com a miss\u00e3o de resolver essa disson\u00e2ncia. Percebemos que a verdadeira transforma\u00e7\u00e3o digital n\u00e3o come\u00e7a com um&nbsp;dashboard, mas com uma&nbsp;arquitetura de decis\u00e3o. Evolu\u00edmos de uma consultoria t\u00e9cnica para nos tornarmos&nbsp;arquitetos de ecossistemas estrat\u00e9gicos, desenvolvendo nossa metodologia propriet\u00e1ria para conectar todos os pontos entre os dados e o&nbsp;core business&nbsp;dos nossos clientes. O Que Nos Move Miss\u00e3o:\u00a0Descomplicar a gest\u00e3o de dados para que empresas de todos os portes tomem decis\u00f5es mais\u00a0r\u00e1pidas, precisas e lucrativas, transformando informa\u00e7\u00f5es em vantagem competitiva tang\u00edvel. Vis\u00e3o:\u00a0Ser a principal refer\u00eancia brasileira em consultoria de dados, reconhecida pela capacidade de gerar\u00a0ROI mensur\u00e1vel e transforma\u00e7\u00e3o cultural sustent\u00e1vel\u00a0atrav\u00e9s da nossa metodologia. Valores: Propriedade Intelectual Aplicada:\u00a0Valorizamos e investimos em nosso\u00a0know-how.\u00a0 Resultado em Cadeia:\u00a0Comprometemo-nos com a excel\u00eancia em cada etapa do processo, garantindo que uma entrega s\u00f3lida seja a base para a pr\u00f3xima. Parceria Verdadeira:\u00a0Nosso sucesso s\u00f3 existe se o seu for primeiro. Atuamos como uma extens\u00e3o dedicada e confi\u00e1vel da sua equipe. Excel\u00eancia T\u00e9cnica com Clareza Estrat\u00e9gica:\u00a0Dominamos a tecnologia, mas comunicamos valor de neg\u00f3cio. Inova\u00e7\u00e3o com Prop\u00f3sito:\u00a0Buscamos a vanguarda para resolver problemas reais, nunca pela novidade em si. Prop\u00f3sito:\u00a0Democratizar a intelig\u00eancia empresarial. Acreditamos que dados de alta qualidade e estrat\u00e9gicos n\u00e3o s\u00e3o privil\u00e9gio de grandes corpora\u00e7\u00f5es, mas a alavanca essencial para qualquer empresa competir e crescer de forma sustent\u00e1vel. Nossa Metodologia: O Diferencial que Conecta Tudo Na Cytrix, fugimos de solu\u00e7\u00f5es pontuais e desconexas. Implementamos um framework estrat\u00e9gico e integrado que garante consist\u00eancia, governan\u00e7a e evolu\u00e7\u00e3o cont\u00ednua. Nossa atua\u00e7\u00e3o \u00e9 estruturada em quatro est\u00e1gios interligados que formam um ciclo virtuoso de melhoria: Nossa Equipe: Expertise que Constr\u00f3i Confian\u00e7a A for\u00e7a da Cytrix est\u00e1 no nosso capital humano. Reunimos um time multidisciplinar de veteranos do mercado, com passagem por grandes corpora\u00e7\u00f5es e consultorias de elite, que escolheram aplicar seu conhecimento de forma mais \u00e1gil e personalizada. Nossa equipe \u00e9 formada por: Estrategistas de Neg\u00f3cio:\u00a0Para traduzir desafios corporativos em iniciativas de dados. Arquitetos e Engenheiros de Dados:\u00a0Para construir bases s\u00f3lidas e escal\u00e1veis. Especialistas em BI e Analytics:\u00a0Para transformar dados em visualiza\u00e7\u00f5es e insights acion\u00e1veis. Consultores em Governan\u00e7a e LGPD:\u00a0Para garantir seguran\u00e7a, conformidade e \u00e9tica. Cientistas e Desenvolvedores de IA:\u00a0Para implementar automa\u00e7\u00e3o inteligente e inova\u00e7\u00e3o. Unimos profundidade t\u00e9cnica e vis\u00e3o estrat\u00e9gica para oferecer n\u00e3o apenas uma solu\u00e7\u00e3o, mas uma\u00a0parceria de longo prazo\u00a0fundamentada em resultados. Pronto para transformar dados no seu maior ativo estrat\u00e9gico? [Fale com um de nossos especialistas] Potencialize suas conquistas com o poder da intelig\u00eancia artificial<\/p>\n","protected":false},"author":1,"featured_media":0,"parent":0,"menu_order":0,"comment_status":"closed","ping_status":"closed","template":"elementor_header_footer","meta":{"_editorskit_title_hidden":false,"_editorskit_reading_time":0,"_editorskit_is_block_options_detached":false,"_editorskit_block_options_position":"{}","_eb_attr":"","content-type":"","footnotes":""},"class_list":["post-31","page","type-page","status-publish","hentry"],"_links":{"self":[{"href":"https:\/\/cytrix.com.br\/en\/wp-json\/wp\/v2\/pages\/31","targetHints":{"allow":["GET"]}}],"collection":[{"href":"https:\/\/cytrix.com.br\/en\/wp-json\/wp\/v2\/pages"}],"about":[{"href":"https:\/\/cytrix.com.br\/en\/wp-json\/wp\/v2\/types\/page"}],"author":[{"embeddable":true,"href":"https:\/\/cytrix.com.br\/en\/wp-json\/wp\/v2\/users\/1"}],"replies":[{"embeddable":true,"href":"https:\/\/cytrix.com.br\/en\/wp-json\/wp\/v2\/comments?post=31"}],"version-history":[{"count":223,"href":"https:\/\/cytrix.com.br\/en\/wp-json\/wp\/v2\/pages\/31\/revisions"}],"predecessor-version":[{"id":8887,"href":"https:\/\/cytrix.com.br\/en\/wp-json\/wp\/v2\/pages\/31\/revisions\/8887"}],"wp:attachment":[{"href":"https:\/\/cytrix.com.br\/en\/wp-json\/wp\/v2\/media?parent=31"}],"curies":[{"name":"wp","href":"https:\/\/api.w.org\/{rel}","templated":true}]}}